{"id":1187,"date":"2020-07-02T13:48:03","date_gmt":"2020-07-02T11:48:03","guid":{"rendered":"https:\/\/lacny.de\/?page_id=1187"},"modified":"2020-09-25T13:55:39","modified_gmt":"2020-09-25T11:55:39","slug":"geschaeftsfelder","status":"publish","type":"page","link":"https:\/\/lacny.de\/de\/geschaeftsfelder\/","title":{"rendered":"Gesch\u00e4ftsfelder"},"content":{"rendered":"\t\t<div data-elementor-type=\"wp-page\" data-elementor-id=\"1187\" class=\"elementor elementor-1187\">\n\t\t\t\t\t\t<section class=\"elementor-section elementor-top-section elementor-element elementor-element-9fae505 elementor-section-boxed elementor-section-height-default elementor-section-height-default\" data-id=\"9fae505\" data-element_type=\"section\">\n\t\t\t\t\t\t<div class=\"elementor-container elementor-column-gap-default\">\n\t\t\t\t\t<div class=\"elementor-column elementor-col-33 elementor-top-column elementor-element elementor-element-f7e0ac2\" data-id=\"f7e0ac2\" data-element_type=\"column\">\n\t\t\t<div class=\"elementor-widget-wrap elementor-element-populated\">\n\t\t\t\t\t\t<div class=\"elementor-element elementor-element-06e831d elementor-widget elementor-widget-heading\" data-id=\"06e831d\" data-element_type=\"widget\" data-widget_type=\"heading.default\">\n\t\t\t\t<div class=\"elementor-widget-container\">\n\t\t\t\t\t<h2 class=\"elementor-heading-title elementor-size-default\">Automotive<\/h2>\t\t\t\t<\/div>\n\t\t\t\t<\/div>\n\t\t\t\t\t<\/div>\n\t\t<\/div>\n\t\t\t\t<div class=\"elementor-column elementor-col-33 elementor-top-column elementor-element elementor-element-b7213e5\" data-id=\"b7213e5\" data-element_type=\"column\">\n\t\t\t<div class=\"elementor-widget-wrap elementor-element-populated\">\n\t\t\t\t\t\t<div class=\"elementor-element elementor-element-a117dc6 elementor-widget elementor-widget-heading\" data-id=\"a117dc6\" data-element_type=\"widget\" data-widget_type=\"heading.default\">\n\t\t\t\t<div class=\"elementor-widget-container\">\n\t\t\t\t\t<h2 class=\"elementor-heading-title elementor-size-default\">Schienenverkehr<\/h2>\t\t\t\t<\/div>\n\t\t\t\t<\/div>\n\t\t\t\t\t<\/div>\n\t\t<\/div>\n\t\t\t\t<div class=\"elementor-column elementor-col-33 elementor-top-column elementor-element elementor-element-7bf4625\" data-id=\"7bf4625\" data-element_type=\"column\">\n\t\t\t<div class=\"elementor-widget-wrap elementor-element-populated\">\n\t\t\t\t\t\t<div class=\"elementor-element elementor-element-69253cb elementor-widget elementor-widget-heading\" data-id=\"69253cb\" data-element_type=\"widget\" data-widget_type=\"heading.default\">\n\t\t\t\t<div class=\"elementor-widget-container\">\n\t\t\t\t\t<h2 class=\"elementor-heading-title elementor-size-default\">Luftfahrt<\/h2>\t\t\t\t<\/div>\n\t\t\t\t<\/div>\n\t\t\t\t\t<\/div>\n\t\t<\/div>\n\t\t\t\t\t<\/div>\n\t\t<\/section>\n\t\t\t\t<section class=\"elementor-section elementor-top-section elementor-element elementor-element-c50d73c elementor-section-boxed elementor-section-height-default elementor-section-height-default\" data-id=\"c50d73c\" data-element_type=\"section\">\n\t\t\t\t\t\t\t<div class=\"elementor-background-overlay\"><\/div>\n\t\t\t\t\t\t\t<div class=\"elementor-container elementor-column-gap-default\">\n\t\t\t\t\t<div class=\"elementor-column elementor-col-100 elementor-top-column elementor-element elementor-element-bbd844c\" data-id=\"bbd844c\" data-element_type=\"column\">\n\t\t\t<div class=\"elementor-widget-wrap elementor-element-populated\">\n\t\t\t\t\t\t<div class=\"elementor-element elementor-element-d239ae1 elementor-widget elementor-widget-text-editor\" data-id=\"d239ae1\" data-element_type=\"widget\" data-widget_type=\"text-editor.default\">\n\t\t\t\t<div class=\"elementor-widget-container\">\n\t\t\t\t\t\t\t\t\t<p>Reisen und die Welt entdecken fasziniert seit Urzeiten die Menschheit. Mit modernen Fortbewegungsmitteln werden Entfernungen heute immer schneller und komfortabler zur\u00fcckgelegt.<\/p><p>Stetig steigende Anforderungen an Umweltvertr\u00e4glich und Nachhaltigkeit sind dabei die gro\u00dfen Herausforderungen der Zukunft und erfordern Innovationskraft und neues Denken.<\/p><p>Mit unseren Ideen tragen wir dazu bei, dass Mobilit\u00e4t noch moderner, effizienter und umweltfreundlicher wird.<\/p>\t\t\t\t\t\t\t\t<\/div>\n\t\t\t\t<\/div>\n\t\t\t\t\t<\/div>\n\t\t<\/div>\n\t\t\t\t\t<\/div>\n\t\t<\/section>\n\t\t\t\t<\/div>\n\t\t","protected":false},"excerpt":{"rendered":"<p>Automotive Schienenverkehr Luftfahrt Reisen und die Welt entdecken fasziniert seit Urzeiten die Menschheit. Mit modernen Fortbewegungsmitteln werden Entfernungen heute immer schneller und komfortabler zur\u00fcckgelegt. Stetig steigende Anforderungen an Umweltvertr\u00e4glich und Nachhaltigkeit sind dabei die gro\u00dfen Herausforderungen der Zukunft und erfordern Innovationskraft und neues Denken. Mit unseren Ideen tragen wir dazu bei, dass Mobilit\u00e4t noch moderner, &hellip;<\/p>\n","protected":false},"author":1,"featured_media":0,"parent":0,"menu_order":0,"comment_status":"closed","ping_status":"closed","template":"template-fullwidth.php","meta":{"_seopress_robots_primary_cat":"","_seopress_titles_title":"","_seopress_titles_desc":"","_seopress_robots_index":"","footnotes":""},"class_list":["post-1187","page","type-page","status-publish","hentry"],"_links":{"self":[{"href":"https:\/\/lacny.de\/de\/wp-json\/wp\/v2\/pages\/1187","targetHints":{"allow":["GET"]}}],"collection":[{"href":"https:\/\/lacny.de\/de\/wp-json\/wp\/v2\/pages"}],"about":[{"href":"https:\/\/lacny.de\/de\/wp-json\/wp\/v2\/types\/page"}],"author":[{"embeddable":true,"href":"https:\/\/lacny.de\/de\/wp-json\/wp\/v2\/users\/1"}],"replies":[{"embeddable":true,"href":"https:\/\/lacny.de\/de\/wp-json\/wp\/v2\/comments?post=1187"}],"version-history":[{"count":30,"href":"https:\/\/lacny.de\/de\/wp-json\/wp\/v2\/pages\/1187\/revisions"}],"predecessor-version":[{"id":2417,"href":"https:\/\/lacny.de\/de\/wp-json\/wp\/v2\/pages\/1187\/revisions\/2417"}],"wp:attachment":[{"href":"https:\/\/lacny.de\/de\/wp-json\/wp\/v2\/media?parent=1187"}],"curies":[{"name":"wp","href":"https:\/\/api.w.org\/{rel}","templated":true}]}}