{"id":596,"date":"2015-07-20T14:18:01","date_gmt":"2015-07-20T14:18:01","guid":{"rendered":"http:\/\/capethemes.com\/demo\/industry\/?page_id=596"},"modified":"2025-09-06T19:08:35","modified_gmt":"2025-09-06T17:08:35","slug":"home-2","status":"publish","type":"page","link":"https:\/\/lacny.de\/de\/","title":{"rendered":"Home"},"content":{"rendered":"\t\t<div data-elementor-type=\"wp-post\" data-elementor-id=\"596\" class=\"elementor elementor-596\">\n\t\t\t\t\t\t<section class=\"elementor-section elementor-top-section elementor-element elementor-element-17297e2 elementor-section-full_width elementor-section-height-default elementor-section-height-default\" data-id=\"17297e2\" data-element_type=\"section\">\n\t\t\t\t\t\t<div class=\"elementor-container elementor-column-gap-no\">\n\t\t\t\t\t<div class=\"elementor-column elementor-col-100 elementor-top-column elementor-element elementor-element-6c28cfc9\" data-id=\"6c28cfc9\" data-element_type=\"column\">\n\t\t\t<div class=\"elementor-widget-wrap elementor-element-populated\">\n\t\t\t\t\t\t<div class=\"elementor-element elementor-element-68fe35d elementor-widget elementor-widget-wp-widget-tmnfposts_slider_widget\" data-id=\"68fe35d\" data-element_type=\"widget\" data-widget_type=\"wp-widget-tmnfposts_slider_widget.default\">\n\t\t\t\t<div class=\"elementor-widget-container\">\n\t\t\t\t\t\t\t\r\n\t\t            \r\n\t\t\t        <div class=\"mainflex flexslider loading \">\r\n            \r\n        <div class=\"loading-inn\"><i class=\"fa fa-cog fa-spin\"><\/i><\/div>\r\n                \r\n        <ul class=\"slides\" >\r\n\t\t\t\t\t\t<li>\r\n                \r\n\t\t\t\t\t                        \r\n                             <a href=\"\" title=\"Entwicklung ist unsere Leidenschaft!\" >\r\n                             \r\n                                <img fetchpriority=\"high\" decoding=\"async\" width=\"1024\" height=\"372\" src=\"https:\/\/lacny.de\/wp-content\/uploads\/2020\/07\/Slider_1-1.jpg\" class=\"tranz wp-post-image\" alt=\"\" srcset=\"https:\/\/lacny.de\/wp-content\/uploads\/2020\/07\/Slider_1-1.jpg 1024w, https:\/\/lacny.de\/wp-content\/uploads\/2020\/07\/Slider_1-1-300x109.jpg 300w, https:\/\/lacny.de\/wp-content\/uploads\/2020\/07\/Slider_1-1-768x279.jpg 768w\" sizes=\"(max-width: 1024px) 100vw, 1024px\" \/>                                \r\n                             <\/a>\r\n                        \r\n                                    \r\n                    <div class=\"flexinside tranz \">\r\n                    \r\n                        <h1><a href=\"\" title=\"Entwicklung ist unsere Leidenschaft!\" >Entwicklung ist unsere Leidenschaft!<\/a><\/h1>\r\n                    \r\n                                <div class=\"flexinside-inn\">\r\n                                    \r\n                                    <p>Seit 20 Jahren sind wir ein verl\u00e4sslicher Engineering-Partner f\u00fcr Kunden verschiedener Branchen.<\/p>\n<p>Wir entwickeln Systeme und Komponenten von der Idee bis zur Serie.<\/p>\n<p>Unsere St\u00e4rke ist die Innovationskraft und eine \u00e4u\u00dferst effiziente Abwicklung der Projekte.<\/p>\n                                \r\n                                <\/div>\r\n                    \r\n                    <\/div>\r\n                        \r\n\t\t\t<\/li>\r\n\r\n\t\t\t\t\t\t<li>\r\n                \r\n\t\t\t\t\t                        \r\n                             <a href=\"\" title=\"Entwicklung ist unsere Leidenschaft!\" >\r\n                             \r\n                                <img decoding=\"async\" width=\"1024\" height=\"372\" src=\"https:\/\/lacny.de\/wp-content\/uploads\/2020\/07\/Slider_2.jpg\" class=\"tranz wp-post-image\" alt=\"\" srcset=\"https:\/\/lacny.de\/wp-content\/uploads\/2020\/07\/Slider_2.jpg 1024w, https:\/\/lacny.de\/wp-content\/uploads\/2020\/07\/Slider_2-300x109.jpg 300w, https:\/\/lacny.de\/wp-content\/uploads\/2020\/07\/Slider_2-768x279.jpg 768w\" sizes=\"(max-width: 1024px) 100vw, 1024px\" \/>                                \r\n                             <\/a>\r\n                        \r\n                                    \r\n                    <div class=\"flexinside tranz \">\r\n                    \r\n                        <h1><a href=\"\" title=\"Entwicklung ist unsere Leidenschaft!\" >Entwicklung ist unsere Leidenschaft!<\/a><\/h1>\r\n                    \r\n                                <div class=\"flexinside-inn\">\r\n                                    \r\n                                    <p>Seit 20 Jahren sind wir ein verl\u00e4sslicher Engineering-Partner f\u00fcr Kunden verschiedener Branchen.<\/p>\n<p>Wir entwickeln Systeme und Komponenten von der Idee bis zur Serie.<\/p>\n<p>Unsere St\u00e4rke ist die Innovationskraft und eine \u00e4u\u00dferst effiziente Abwicklung der Projekte.<\/p>\n                                \r\n                                <\/div>\r\n                    \r\n                    <\/div>\r\n                        \r\n\t\t\t<\/li>\r\n\r\n\t\t\t\t\t\t<li>\r\n                \r\n\t\t\t\t\t                        \r\n                             <a href=\"\" title=\"Entwicklung ist unsere Leidenschaft!\" >\r\n                             \r\n                                <img decoding=\"async\" width=\"1024\" height=\"372\" src=\"https:\/\/lacny.de\/wp-content\/uploads\/2020\/07\/Slider_3.jpeg\" class=\"tranz wp-post-image\" alt=\"\" srcset=\"https:\/\/lacny.de\/wp-content\/uploads\/2020\/07\/Slider_3.jpeg 1024w, https:\/\/lacny.de\/wp-content\/uploads\/2020\/07\/Slider_3-300x109.jpeg 300w, https:\/\/lacny.de\/wp-content\/uploads\/2020\/07\/Slider_3-768x279.jpeg 768w\" sizes=\"(max-width: 1024px) 100vw, 1024px\" \/>                                \r\n                             <\/a>\r\n                        \r\n                                    \r\n                    <div class=\"flexinside tranz \">\r\n                    \r\n                        <h1><a href=\"\" title=\"Entwicklung ist unsere Leidenschaft!\" >Entwicklung ist unsere Leidenschaft!<\/a><\/h1>\r\n                    \r\n                                <div class=\"flexinside-inn\">\r\n                                    \r\n                                    <p>Seit 20 Jahren sind wir ein verl\u00e4sslicher Engineering-Partner f\u00fcr Kunden verschiedener Branchen.<\/p>\n<p>Wir entwickeln Systeme und Komponenten von der Idee bis zur Serie.<\/p>\n<p>Unsere St\u00e4rke ist die Innovationskraft und eine \u00e4u\u00dferst effiziente Abwicklung der Projekte.<\/p>\n                                \r\n                                <\/div>\r\n                    \r\n                    <\/div>\r\n                        \r\n\t\t\t<\/li>\r\n\r\n\t\t\t\t\t\t<\/ul>\r\n            <\/div>\r\n\t\t\t<div class=\"clearfix\"><\/div>\r\n\t\t\r\n\t\t\t\t\t\t<\/div>\n\t\t\t\t<\/div>\n\t\t\t\t\t<\/div>\n\t\t<\/div>\n\t\t\t\t\t<\/div>\n\t\t<\/section>\n\t\t\t\t<\/div>\n\t\t","protected":false},"excerpt":{"rendered":"","protected":false},"author":1,"featured_media":0,"parent":0,"menu_order":0,"comment_status":"closed","ping_status":"closed","template":"elementor_header_footer","meta":{"_seopress_robots_primary_cat":"","_seopress_titles_title":"","_seopress_titles_desc":"","_seopress_robots_index":"","footnotes":""},"class_list":["post-596","page","type-page","status-publish","hentry"],"_links":{"self":[{"href":"https:\/\/lacny.de\/de\/wp-json\/wp\/v2\/pages\/596","targetHints":{"allow":["GET"]}}],"collection":[{"href":"https:\/\/lacny.de\/de\/wp-json\/wp\/v2\/pages"}],"about":[{"href":"https:\/\/lacny.de\/de\/wp-json\/wp\/v2\/types\/page"}],"author":[{"embeddable":true,"href":"https:\/\/lacny.de\/de\/wp-json\/wp\/v2\/users\/1"}],"replies":[{"embeddable":true,"href":"https:\/\/lacny.de\/de\/wp-json\/wp\/v2\/comments?post=596"}],"version-history":[{"count":4,"href":"https:\/\/lacny.de\/de\/wp-json\/wp\/v2\/pages\/596\/revisions"}],"predecessor-version":[{"id":2540,"href":"https:\/\/lacny.de\/de\/wp-json\/wp\/v2\/pages\/596\/revisions\/2540"}],"wp:attachment":[{"href":"https:\/\/lacny.de\/de\/wp-json\/wp\/v2\/media?parent=596"}],"curies":[{"name":"wp","href":"https:\/\/api.w.org\/{rel}","templated":true}]}}