{"id":970,"date":"2020-06-23T14:28:43","date_gmt":"2020-06-23T12:28:43","guid":{"rendered":"https:\/\/lacny.de\/?page_id=970"},"modified":"2020-09-23T17:48:55","modified_gmt":"2020-09-23T15:48:55","slug":"interieur","status":"publish","type":"page","link":"https:\/\/lacny.de\/de\/automotive-engineering\/interieur\/","title":{"rendered":"Interieur"},"content":{"rendered":"<p><img fetchpriority=\"high\" decoding=\"async\" class=\"wp-image-2123 size-medium alignright\" src=\"https:\/\/lacny.de\/wp-content\/uploads\/2020\/09\/Auto_Interieur-300x197.jpg\" alt=\"\" width=\"300\" height=\"197\" srcset=\"https:\/\/lacny.de\/wp-content\/uploads\/2020\/09\/Auto_Interieur-300x197.jpg 300w, https:\/\/lacny.de\/wp-content\/uploads\/2020\/09\/Auto_Interieur-1024x673.jpg 1024w, https:\/\/lacny.de\/wp-content\/uploads\/2020\/09\/Auto_Interieur-768x505.jpg 768w, https:\/\/lacny.de\/wp-content\/uploads\/2020\/09\/Auto_Interieur-1536x1010.jpg 1536w, https:\/\/lacny.de\/wp-content\/uploads\/2020\/09\/Auto_Interieur-2048x1347.jpg 2048w\" sizes=\"(max-width: 300px) 100vw, 300px\" \/><\/p>\n<p>\u00dcber das Interieur wird ein Fahrzeug besonders gut erlebbar.<\/p>\n<p>Das Design, die gew\u00e4hlten Farben und die eingesetzten Materialen erzeugen optische und haptische Eindr\u00fccke, die das Wohlbefinden im Innenraum <span class=\"Apple-converted-space\">\u00a0 <\/span>ma\u00dfgeblich beeinflussen.<span class=\"Apple-converted-space\">\u00a0<\/span><\/p>\n<p>Neue Bedien- und Anzeigekonzepte sowie der verst\u00e4rkte Einsatz nachhaltiger Werkstoffe in Verbindung mit neuen funktionalen Oberfl\u00e4chen werden die Gestaltung der Interieurs k\u00fcnftig stark beeinflussen.<\/p>\n<p>Wir sind mit allen Modulen bestens vertraut. Bei der Entwicklung ber\u00fccksichtigen wir s\u00e4mtliche Anforderungen des OEM und der beteiligten Systemlieferanten und gew\u00e4hrleisten die Einhaltung der gesetzlichen Richtlinien und Vorgaben.<\/p>\n<p>Durch den Einsatz geeigneter Simulationsverfahren erfolgt die virtuelle Absicherung des Insassenschutzes und die Berechnung notwendiger Festigkeiten und Steifigkeiten.<\/p>\n<p>Mittels MoldfFlow\u00ae-Analysen untersuchen wir die Herstellbarkeit von Spritzgussteilen und optimieren die Konstruktion.<\/p>\n<p>Mit Partnern aus unserem Netzwerk bieten wir die Durchf\u00fchrung aller relevanten Komponententest an.<\/p>\n","protected":false},"excerpt":{"rendered":"<p>\u00dcber das Interieur wird ein Fahrzeug besonders gut erlebbar. Das Design, die gew\u00e4hlten Farben und die eingesetzten Materialen erzeugen optische und haptische Eindr\u00fccke, die das Wohlbefinden im Innenraum \u00a0 ma\u00dfgeblich beeinflussen.\u00a0 Neue Bedien- und Anzeigekonzepte sowie der verst\u00e4rkte Einsatz nachhaltiger Werkstoffe in Verbindung mit neuen funktionalen Oberfl\u00e4chen werden die Gestaltung der Interieurs k\u00fcnftig stark beeinflussen. &hellip;<\/p>\n","protected":false},"author":1,"featured_media":0,"parent":953,"menu_order":0,"comment_status":"closed","ping_status":"closed","template":"","meta":{"_seopress_robots_primary_cat":"","_seopress_titles_title":"","_seopress_titles_desc":"","_seopress_robots_index":"","footnotes":""},"class_list":["post-970","page","type-page","status-publish","hentry"],"_links":{"self":[{"href":"https:\/\/lacny.de\/de\/wp-json\/wp\/v2\/pages\/970","targetHints":{"allow":["GET"]}}],"collection":[{"href":"https:\/\/lacny.de\/de\/wp-json\/wp\/v2\/pages"}],"about":[{"href":"https:\/\/lacny.de\/de\/wp-json\/wp\/v2\/types\/page"}],"author":[{"embeddable":true,"href":"https:\/\/lacny.de\/de\/wp-json\/wp\/v2\/users\/1"}],"replies":[{"embeddable":true,"href":"https:\/\/lacny.de\/de\/wp-json\/wp\/v2\/comments?post=970"}],"version-history":[{"count":4,"href":"https:\/\/lacny.de\/de\/wp-json\/wp\/v2\/pages\/970\/revisions"}],"predecessor-version":[{"id":2170,"href":"https:\/\/lacny.de\/de\/wp-json\/wp\/v2\/pages\/970\/revisions\/2170"}],"up":[{"embeddable":true,"href":"https:\/\/lacny.de\/de\/wp-json\/wp\/v2\/pages\/953"}],"wp:attachment":[{"href":"https:\/\/lacny.de\/de\/wp-json\/wp\/v2\/media?parent=970"}],"curies":[{"name":"wp","href":"https:\/\/api.w.org\/{rel}","templated":true}]}}