{"id":976,"date":"2020-06-23T14:33:23","date_gmt":"2020-06-23T12:33:23","guid":{"rendered":"https:\/\/lacny.de\/?page_id=976"},"modified":"2020-09-23T17:26:50","modified_gmt":"2020-09-23T15:26:50","slug":"exterieur","status":"publish","type":"page","link":"https:\/\/lacny.de\/de\/automotive-engineering\/exterieur\/","title":{"rendered":"Exterieur"},"content":{"rendered":"<p><img fetchpriority=\"high\" decoding=\"async\" class=\"wp-image-2127 size-medium alignright\" src=\"https:\/\/lacny.de\/wp-content\/uploads\/2020\/09\/Exterieur-300x197.jpg\" alt=\"\" width=\"300\" height=\"197\" srcset=\"https:\/\/lacny.de\/wp-content\/uploads\/2020\/09\/Exterieur-300x197.jpg 300w, https:\/\/lacny.de\/wp-content\/uploads\/2020\/09\/Exterieur-1024x673.jpg 1024w, https:\/\/lacny.de\/wp-content\/uploads\/2020\/09\/Exterieur-768x505.jpg 768w, https:\/\/lacny.de\/wp-content\/uploads\/2020\/09\/Exterieur-1536x1010.jpg 1536w, https:\/\/lacny.de\/wp-content\/uploads\/2020\/09\/Exterieur-2048x1347.jpg 2048w\" sizes=\"(max-width: 300px) 100vw, 300px\" \/><\/p>\n<p>Das Exterieur eines Fahrzeugs weckt Emotionen. Licht und Schatten, Linienverl\u00e4ufe und Proportionen sind entscheidend, damit das Design die richtige Wirkung beim Betrachter erzeugt.<\/p>\n<p>Das Einhalten von Styling-Vorgaben und die Genauigkeit der dargestellten Oberfl\u00e4chen ist deshalb besonders wichtig.<\/p>\n<p>Unsere Entwickler kennen die Design-Prozesse der Hersteller und wissen worauf es bei der Auslegung der Bauteile ankommt. Bei der Beurteilung der technischen Machbarkeit sind neben den werkzeug- und verfahrenstechnischen Anforderungen auch die gesetzlichen Vorgaben der jeweiligen L\u00e4nder zu beachten.<\/p>\n<p>Die Anforderungen an Steifigkeiten, Festigkeiten, Fu\u00dfg\u00e4ngerschutz, RCAR Bumper Test, Low Speed Crash usw. werden virtuell \u00fcber die klassischen Berechnungsverfahren abgesichert.<span class=\"Apple-converted-space\">\u00a0<\/span><\/p>\n<p>Die Validierung der Berechnungs- und Simulationsergebnisse durch entsprechende Komponententests kann innerhalb unseres Partnernetzwerks erfolgen.<span class=\"Apple-converted-space\">\u00a0<\/span><\/p>\n","protected":false},"excerpt":{"rendered":"<p>Das Exterieur eines Fahrzeugs weckt Emotionen. Licht und Schatten, Linienverl\u00e4ufe und Proportionen sind entscheidend, damit das Design die richtige Wirkung beim Betrachter erzeugt. Das Einhalten von Styling-Vorgaben und die Genauigkeit der dargestellten Oberfl\u00e4chen ist deshalb besonders wichtig. Unsere Entwickler kennen die Design-Prozesse der Hersteller und wissen worauf es bei der Auslegung der Bauteile ankommt. Bei &hellip;<\/p>\n","protected":false},"author":1,"featured_media":0,"parent":953,"menu_order":0,"comment_status":"closed","ping_status":"closed","template":"","meta":{"_seopress_robots_primary_cat":"","_seopress_titles_title":"","_seopress_titles_desc":"","_seopress_robots_index":"","footnotes":""},"class_list":["post-976","page","type-page","status-publish","hentry"],"_links":{"self":[{"href":"https:\/\/lacny.de\/de\/wp-json\/wp\/v2\/pages\/976","targetHints":{"allow":["GET"]}}],"collection":[{"href":"https:\/\/lacny.de\/de\/wp-json\/wp\/v2\/pages"}],"about":[{"href":"https:\/\/lacny.de\/de\/wp-json\/wp\/v2\/types\/page"}],"author":[{"embeddable":true,"href":"https:\/\/lacny.de\/de\/wp-json\/wp\/v2\/users\/1"}],"replies":[{"embeddable":true,"href":"https:\/\/lacny.de\/de\/wp-json\/wp\/v2\/comments?post=976"}],"version-history":[{"count":2,"href":"https:\/\/lacny.de\/de\/wp-json\/wp\/v2\/pages\/976\/revisions"}],"predecessor-version":[{"id":2159,"href":"https:\/\/lacny.de\/de\/wp-json\/wp\/v2\/pages\/976\/revisions\/2159"}],"up":[{"embeddable":true,"href":"https:\/\/lacny.de\/de\/wp-json\/wp\/v2\/pages\/953"}],"wp:attachment":[{"href":"https:\/\/lacny.de\/de\/wp-json\/wp\/v2\/media?parent=976"}],"curies":[{"name":"wp","href":"https:\/\/api.w.org\/{rel}","templated":true}]}}