{"id":979,"date":"2020-06-23T14:34:28","date_gmt":"2020-06-23T12:34:28","guid":{"rendered":"https:\/\/lacny.de\/?page_id=979"},"modified":"2020-09-23T17:26:14","modified_gmt":"2020-09-23T15:26:14","slug":"bordnetz","status":"publish","type":"page","link":"https:\/\/lacny.de\/de\/automotive-engineering\/bordnetz\/","title":{"rendered":"Bordnetz"},"content":{"rendered":"<p><img fetchpriority=\"high\" decoding=\"async\" class=\"wp-image-2129 size-medium alignright\" src=\"https:\/\/lacny.de\/wp-content\/uploads\/2020\/09\/Bordnetz-1-300x197.jpg\" alt=\"\" width=\"300\" height=\"197\" srcset=\"https:\/\/lacny.de\/wp-content\/uploads\/2020\/09\/Bordnetz-1-300x197.jpg 300w, https:\/\/lacny.de\/wp-content\/uploads\/2020\/09\/Bordnetz-1-1024x674.jpg 1024w, https:\/\/lacny.de\/wp-content\/uploads\/2020\/09\/Bordnetz-1-768x505.jpg 768w, https:\/\/lacny.de\/wp-content\/uploads\/2020\/09\/Bordnetz-1-1536x1011.jpg 1536w, https:\/\/lacny.de\/wp-content\/uploads\/2020\/09\/Bordnetz-1-2048x1348.jpg 2048w\" sizes=\"(max-width: 300px) 100vw, 300px\" \/><\/p>\n<p>Elektrifizierung und Digitalisierung haben wesentliche Einfl\u00fcsse auf die Entwicklung der Fahrzeuge und auf die Fahrzeugarchitekturen der Zukunft.<span class=\"Apple-converted-space\">\u00a0<\/span><\/p>\n<p>F\u00fcr die Hersteller ergeben sich dadurch viele neue M\u00f6glichkeiten beim Package und bei der Gestaltung. Gleichzeitig erh\u00f6hen sich<span class=\"Apple-converted-space\">\u00a0 <\/span>die An-forderungen an das Bordnetz und seine Eigenschaften.<\/p>\n<p>Wir kennen die Baur\u00e4ume im Fahrzeug und sind vertraut mit den Aufgaben der Leitungsverlegung. S\u00e4mtliche Vorgaben der Kunden, die Einhaltung geltender gesetzlicher Vorschriften und die Anforderungen an die elektromagnetische Vertr\u00e4glichkeit (EMV) werden dabei von uns beachtet.<\/p>\n<p>Die Absicherung einzelner Bordnetzkomponenten aber auch kompletter Bordnetze auf HIL-Pr\u00fcfst\u00e4nden kann bei Partnern unseres Netzwerks durchgef\u00fchrt werden.<\/p>\n","protected":false},"excerpt":{"rendered":"<p>Elektrifizierung und Digitalisierung haben wesentliche Einfl\u00fcsse auf die Entwicklung der Fahrzeuge und auf die Fahrzeugarchitekturen der Zukunft.\u00a0 F\u00fcr die Hersteller ergeben sich dadurch viele neue M\u00f6glichkeiten beim Package und bei der Gestaltung. Gleichzeitig erh\u00f6hen sich\u00a0 die An-forderungen an das Bordnetz und seine Eigenschaften. Wir kennen die Baur\u00e4ume im Fahrzeug und sind vertraut mit den Aufgaben &hellip;<\/p>\n","protected":false},"author":1,"featured_media":0,"parent":953,"menu_order":0,"comment_status":"closed","ping_status":"closed","template":"","meta":{"_seopress_robots_primary_cat":"","_seopress_titles_title":"","_seopress_titles_desc":"","_seopress_robots_index":"","footnotes":""},"class_list":["post-979","page","type-page","status-publish","hentry"],"_links":{"self":[{"href":"https:\/\/lacny.de\/de\/wp-json\/wp\/v2\/pages\/979","targetHints":{"allow":["GET"]}}],"collection":[{"href":"https:\/\/lacny.de\/de\/wp-json\/wp\/v2\/pages"}],"about":[{"href":"https:\/\/lacny.de\/de\/wp-json\/wp\/v2\/types\/page"}],"author":[{"embeddable":true,"href":"https:\/\/lacny.de\/de\/wp-json\/wp\/v2\/users\/1"}],"replies":[{"embeddable":true,"href":"https:\/\/lacny.de\/de\/wp-json\/wp\/v2\/comments?post=979"}],"version-history":[{"count":2,"href":"https:\/\/lacny.de\/de\/wp-json\/wp\/v2\/pages\/979\/revisions"}],"predecessor-version":[{"id":2158,"href":"https:\/\/lacny.de\/de\/wp-json\/wp\/v2\/pages\/979\/revisions\/2158"}],"up":[{"embeddable":true,"href":"https:\/\/lacny.de\/de\/wp-json\/wp\/v2\/pages\/953"}],"wp:attachment":[{"href":"https:\/\/lacny.de\/de\/wp-json\/wp\/v2\/media?parent=979"}],"curies":[{"name":"wp","href":"https:\/\/api.w.org\/{rel}","templated":true}]}}