{"id":986,"date":"2020-06-23T14:39:30","date_gmt":"2020-06-23T12:39:30","guid":{"rendered":"https:\/\/lacny.de\/?page_id=986"},"modified":"2020-09-23T17:51:46","modified_gmt":"2020-09-23T15:51:46","slug":"innenausstattung","status":"publish","type":"page","link":"https:\/\/lacny.de\/de\/schienenverkehr\/innenausstattung\/","title":{"rendered":"Innenausstattung"},"content":{"rendered":"<p><img fetchpriority=\"high\" decoding=\"async\" class=\"wp-image-2133 size-medium alignright\" src=\"https:\/\/lacny.de\/wp-content\/uploads\/2020\/09\/Schiene_Interieur-300x197.jpg\" alt=\"\" width=\"300\" height=\"197\" srcset=\"https:\/\/lacny.de\/wp-content\/uploads\/2020\/09\/Schiene_Interieur-300x197.jpg 300w, https:\/\/lacny.de\/wp-content\/uploads\/2020\/09\/Schiene_Interieur-1024x674.jpg 1024w, https:\/\/lacny.de\/wp-content\/uploads\/2020\/09\/Schiene_Interieur-768x505.jpg 768w, https:\/\/lacny.de\/wp-content\/uploads\/2020\/09\/Schiene_Interieur-1536x1010.jpg 1536w, https:\/\/lacny.de\/wp-content\/uploads\/2020\/09\/Schiene_Interieur-2048x1347.jpg 2048w\" sizes=\"(max-width: 300px) 100vw, 300px\" \/><\/p>\n<p>Moderne Kabinen m\u00fcssen heute viele unterschiedliche Anforderungen er-f\u00fcllen.<\/p>\n<p>Prim\u00e4res Ziel bei der Auslegung ist es, ein Layout mit maximaler Fl\u00e4chen-nutzung zu finden. Gleichzeitig soll das Reisen f\u00fcr die Passagiere m\u00f6glichst angenehm und komfortabel sein.<\/p>\n<p>Im Wesentlichen geh\u00f6ren dazuvergonomische Sitze mit angenehmen\u00a0Bez\u00fcgen, ausreichend Stauraum und eine<span class=\"Apple-converted-space\">\u00a0 <\/span>variable Gestaltung der Pl\u00e4tze. Selbstverst\u00e4ndlich sind inzwischen auch die Integration von WLAN, Displays und Infotainment-Systemen.<span class=\"Apple-converted-space\">\u00a0<\/span><\/p>\n<p>Durch den Einsatz innovativer Technologien und neuer Werkstoffe sind inzwischen viele technische L\u00f6sungen m\u00f6glich, die vor Jahren undenkbar waren.<\/p>\n<p>Mittels FEM-Berechnung und Topologie-Optimierung k\u00f6nnen Bauteile sehr leicht und trotzdem stabil ausgelegt werden. Es gibt neue widerstandsf\u00e4hige und hochwertig wirkende Materialen, die gleichzeitig nachhaltig sind. Oberfl\u00e4chen k\u00f6nnen selbstheilend ausger\u00fcstet werden und erh\u00f6hen so die Lebensdauer von Verkleidungsteilen. Die Integration moderner Bordnetze bildet die Basis f\u00fcr die Digitalisierung der Zukunft. All dies beeinflusst die Gestaltung neuer Fahrgastr\u00e4ume.<\/p>\n<p>Wir bringen hier unsere ganze Erfahrung aus dem Automobilbau ein und unterst\u00fctzen mit neuen Ideen und L\u00f6sungen.<\/p>\n","protected":false},"excerpt":{"rendered":"<p>Moderne Kabinen m\u00fcssen heute viele unterschiedliche Anforderungen er-f\u00fcllen. Prim\u00e4res Ziel bei der Auslegung ist es, ein Layout mit maximaler Fl\u00e4chen-nutzung zu finden. Gleichzeitig soll das Reisen f\u00fcr die Passagiere m\u00f6glichst angenehm und komfortabel sein. Im Wesentlichen geh\u00f6ren dazuvergonomische Sitze mit angenehmen\u00a0Bez\u00fcgen, ausreichend Stauraum und eine\u00a0 variable Gestaltung der Pl\u00e4tze. Selbstverst\u00e4ndlich sind inzwischen auch die Integration &hellip;<\/p>\n","protected":false},"author":1,"featured_media":0,"parent":958,"menu_order":0,"comment_status":"closed","ping_status":"closed","template":"","meta":{"_seopress_robots_primary_cat":"","_seopress_titles_title":"","_seopress_titles_desc":"","_seopress_robots_index":"","footnotes":""},"class_list":["post-986","page","type-page","status-publish","hentry"],"_links":{"self":[{"href":"https:\/\/lacny.de\/de\/wp-json\/wp\/v2\/pages\/986","targetHints":{"allow":["GET"]}}],"collection":[{"href":"https:\/\/lacny.de\/de\/wp-json\/wp\/v2\/pages"}],"about":[{"href":"https:\/\/lacny.de\/de\/wp-json\/wp\/v2\/types\/page"}],"author":[{"embeddable":true,"href":"https:\/\/lacny.de\/de\/wp-json\/wp\/v2\/users\/1"}],"replies":[{"embeddable":true,"href":"https:\/\/lacny.de\/de\/wp-json\/wp\/v2\/comments?post=986"}],"version-history":[{"count":3,"href":"https:\/\/lacny.de\/de\/wp-json\/wp\/v2\/pages\/986\/revisions"}],"predecessor-version":[{"id":2171,"href":"https:\/\/lacny.de\/de\/wp-json\/wp\/v2\/pages\/986\/revisions\/2171"}],"up":[{"embeddable":true,"href":"https:\/\/lacny.de\/de\/wp-json\/wp\/v2\/pages\/958"}],"wp:attachment":[{"href":"https:\/\/lacny.de\/de\/wp-json\/wp\/v2\/media?parent=986"}],"curies":[{"name":"wp","href":"https:\/\/api.w.org\/{rel}","templated":true}]}}