{"id":994,"date":"2020-06-23T14:45:20","date_gmt":"2020-06-23T12:45:20","guid":{"rendered":"https:\/\/lacny.de\/?page_id=994"},"modified":"2020-09-23T17:53:47","modified_gmt":"2020-09-23T15:53:47","slug":"cockpit","status":"publish","type":"page","link":"https:\/\/lacny.de\/de\/luftfahrt\/cockpit\/","title":{"rendered":"Cockpit"},"content":{"rendered":"<p><img fetchpriority=\"high\" decoding=\"async\" class=\"wp-image-2137 size-medium alignright\" src=\"https:\/\/lacny.de\/wp-content\/uploads\/2020\/09\/Luftfahrt_Cockpit-300x197.jpg\" alt=\"\" width=\"300\" height=\"197\" srcset=\"https:\/\/lacny.de\/wp-content\/uploads\/2020\/09\/Luftfahrt_Cockpit-300x197.jpg 300w, https:\/\/lacny.de\/wp-content\/uploads\/2020\/09\/Luftfahrt_Cockpit-1024x674.jpg 1024w, https:\/\/lacny.de\/wp-content\/uploads\/2020\/09\/Luftfahrt_Cockpit-768x505.jpg 768w, https:\/\/lacny.de\/wp-content\/uploads\/2020\/09\/Luftfahrt_Cockpit-1536x1010.jpg 1536w, https:\/\/lacny.de\/wp-content\/uploads\/2020\/09\/Luftfahrt_Cockpit-2048x1347.jpg 2048w\" sizes=\"(max-width: 300px) 100vw, 300px\" \/><\/p>\n<p>Das Cockpit ist die Schaltzentrale eines jeden Flugzeugs. Die Informationen s\u00e4mtlicher Systeme laufen hier zusammen. Daher m\u00fcssen die Bedienelemente ergonomisch richtig angeordnet und die Anzeigeinstrumente f\u00fcr die Piloten bei allen Lichtverh\u00e4ltnissen gut ablesbar sein.<\/p>\n<p>\u00dcber unser Netzwerk haben wir Zugriff auf Spezialisten im Bereich Ergonomie.<\/p>\n<p>Mit Hilfe entsprechender Simulationsverfahren k\u00f6nnen wir die Erreichbarkeit von Bedienelementen und die<span class=\"Apple-converted-space\">\u00a0 <\/span>Anordnung der Instrumente virtuell \u00fcberpr\u00fcfen und optimieren.<\/p>\n<p>Die Serienentwicklung erfolgt dann im Anschluss an die virtuelle Absicherung.<\/p>\n","protected":false},"excerpt":{"rendered":"<p>Das Cockpit ist die Schaltzentrale eines jeden Flugzeugs. Die Informationen s\u00e4mtlicher Systeme laufen hier zusammen. Daher m\u00fcssen die Bedienelemente ergonomisch richtig angeordnet und die Anzeigeinstrumente f\u00fcr die Piloten bei allen Lichtverh\u00e4ltnissen gut ablesbar sein. \u00dcber unser Netzwerk haben wir Zugriff auf Spezialisten im Bereich Ergonomie. Mit Hilfe entsprechender Simulationsverfahren k\u00f6nnen wir die Erreichbarkeit von Bedienelementen &hellip;<\/p>\n","protected":false},"author":1,"featured_media":0,"parent":962,"menu_order":0,"comment_status":"closed","ping_status":"closed","template":"","meta":{"_seopress_robots_primary_cat":"","_seopress_titles_title":"","_seopress_titles_desc":"","_seopress_robots_index":"","footnotes":""},"class_list":["post-994","page","type-page","status-publish","hentry"],"_links":{"self":[{"href":"https:\/\/lacny.de\/de\/wp-json\/wp\/v2\/pages\/994","targetHints":{"allow":["GET"]}}],"collection":[{"href":"https:\/\/lacny.de\/de\/wp-json\/wp\/v2\/pages"}],"about":[{"href":"https:\/\/lacny.de\/de\/wp-json\/wp\/v2\/types\/page"}],"author":[{"embeddable":true,"href":"https:\/\/lacny.de\/de\/wp-json\/wp\/v2\/users\/1"}],"replies":[{"embeddable":true,"href":"https:\/\/lacny.de\/de\/wp-json\/wp\/v2\/comments?post=994"}],"version-history":[{"count":4,"href":"https:\/\/lacny.de\/de\/wp-json\/wp\/v2\/pages\/994\/revisions"}],"predecessor-version":[{"id":2173,"href":"https:\/\/lacny.de\/de\/wp-json\/wp\/v2\/pages\/994\/revisions\/2173"}],"up":[{"embeddable":true,"href":"https:\/\/lacny.de\/de\/wp-json\/wp\/v2\/pages\/962"}],"wp:attachment":[{"href":"https:\/\/lacny.de\/de\/wp-json\/wp\/v2\/media?parent=994"}],"curies":[{"name":"wp","href":"https:\/\/api.w.org\/{rel}","templated":true}]}}